{"id":139,"date":"2020-03-26T00:46:04","date_gmt":"2020-03-26T00:46:04","guid":{"rendered":"https:\/\/demosites.io\/rokophoto-gb\/?page_id=139"},"modified":"2023-10-19T19:15:56","modified_gmt":"2023-10-19T17:15:56","slug":"98ee9-about","status":"publish","type":"page","link":"https:\/\/charlottelambert.net\/index.php\/98ee9-about\/","title":{"rendered":"A propos"},"content":{"rendered":"\n<div class=\"wp-block-columns alignwide is-layout-flex wp-container-core-columns-is-layout-9d6595d7 wp-block-columns-is-layout-flex\">\n<div class=\"wp-block-column is-layout-flow wp-block-column-is-layout-flow\" style=\"flex-basis:100%\">\n<div class=\"wp-block-group\"><div class=\"wp-block-group__inner-container is-layout-flow wp-block-group-is-layout-flow\">\n<div class=\"wp-block-columns is-layout-flex wp-container-core-columns-is-layout-9d6595d7 wp-block-columns-is-layout-flex\">\n<div class=\"wp-block-column is-layout-flow wp-block-column-is-layout-flow\" style=\"flex-basis:100%\">\n<div id=\"wp-block-themeisle-blocks-advanced-columns-e07c8a56\" class=\"wp-block-themeisle-blocks-advanced-columns has-1-columns has-desktop-equal-layout has-tablet-equal-layout has-mobile-equal-layout has-vertical-unset\"><div class=\"wp-block-themeisle-blocks-advanced-columns-overlay\"><\/div><div class=\"innerblocks-wrap\">\n<div id=\"wp-block-themeisle-blocks-advanced-column-e970b9f6\" class=\"wp-block-themeisle-blocks-advanced-column\">\n<h1 id=\"wp-block-themeisle-blocks-advanced-heading-7ab89007\" class=\"wp-block-themeisle-blocks-advanced-heading wp-block-themeisle-blocks-advanced-heading-7ab89007\">\u00c0 Propos<\/h1>\n<\/div>\n<\/div><\/div>\n<\/div>\n<\/div>\n<\/div><\/div>\n<\/div>\n<\/div>\n\n\n\n<p><\/p>\n\n\n\n<p class=\"has-text-align-center ticss-264f4d6a has-medium-font-size\" id=\"illus\"><a href=\"#market\">Graphiste Illustratrice <\/a>      \/\/       <a href=\"#poesie\">Formatrice<\/a>          <\/p>\n\n\n\n<div class=\"wp-block-group\"><div class=\"wp-block-group__inner-container is-layout-flow wp-block-group-is-layout-flow\">\n<div class=\"wp-block-columns is-layout-flex wp-container-core-columns-is-layout-9d6595d7 wp-block-columns-is-layout-flex\">\n<div class=\"wp-block-column is-layout-flow wp-block-column-is-layout-flow\" style=\"flex-basis:100%\"><\/div>\n<\/div>\n<\/div><\/div>\n\n\n\n<div id=\"wp-block-themeisle-blocks-advanced-columns-2be525ea\" class=\"wp-block-themeisle-blocks-advanced-columns has-1-columns has-desktop-equal-layout has-tablet-equal-layout has-mobile-equal-layout has-vertical-unset\"><div class=\"wp-block-themeisle-blocks-advanced-columns-overlay\"><\/div><div class=\"innerblocks-wrap\">\n<div id=\"wp-block-themeisle-blocks-advanced-column-34e4bc25\" class=\"wp-block-themeisle-blocks-advanced-column\">\n<h3 id=\"wp-block-themeisle-blocks-advanced-heading-f3ab9403\" class=\"wp-block-themeisle-blocks-advanced-heading wp-block-themeisle-blocks-advanced-heading-f3ab9403\">Graphiste Illustratrice<\/h3>\n<\/div>\n<\/div><\/div>\n\n\n\n<p>Graphiste et illustratrice freelance, j&#8217;ai travaill\u00e9 pour des institutions, des associations et des entreprises telles que :<\/p>\n\n\n\n<p><strong>\u00c9dition<\/strong><br>Lux \u00e9diteur &#8211; CRDP Toulouse &#8211; \u00c9ditions Vuibert<\/p>\n\n\n\n<p><strong>Magazines et journaux<\/strong><br>Journal mensuel Le couac &#8211; Journal mensuel \u00c0 Babord ! &#8211; Magazine Semestriel Maisons d\u2019Aujourd\u2019hui et Condos et Lofts d\u2019Aujourd\u2019hui &#8211; Magazines Gratuit Maison Direct, Maison Neuve, Condo direct &#8211; Magazines Gratuit Gaillac-info.fr, Albi-info.fr, Castres-info.fr<\/p>\n\n\n\n<p><strong>Institutions<\/strong><br>ARB &#8211; Eurocites &#8211; UITP &#8211; CFPE &#8211; M\u00e9diation Sociale Ville Ste-Marie &#8211; Mus\u00e9e Sir-Georges-\u00c9tienne-Cartier<\/p>\n\n\n\n<p><strong>Entreprises<\/strong><br>Cityway &#8211; VEOLIA-Transdev &#8211; Imprimerie DEPP &#8211; ERGS &#8211; VALETTE &#8211; ASSTRA<\/p>\n\n\n\n<p><strong>Associations<\/strong><br>APAJH du Tarn &#8211; Nature et Progr\u00e8s &#8211; Cie Les mangeurs d\u2019\u00e9toiles &#8211; IEO &#8211; Caf\u00e9 Pl\u00f9m<\/p>\n\n\n\n<p>Sites web<br>MyShrink &#8211; CSS Zengarden<\/p>\n\n\n\n<hr class=\"wp-block-separator has-text-color has-nv-text-dark-bg-color has-alpha-channel-opacity has-nv-text-dark-bg-background-color has-background\"\/>\n\n\n\n<div id=\"wp-block-themeisle-blocks-advanced-columns-923b586a\" class=\"wp-block-themeisle-blocks-advanced-columns has-1-columns has-desktop-equal-layout has-tablet-equal-layout has-mobile-equal-layout has-vertical-unset\"><div class=\"wp-block-themeisle-blocks-advanced-columns-overlay\"><\/div><div class=\"innerblocks-wrap\">\n<div id=\"wp-block-themeisle-blocks-advanced-column-0cf2b280\" class=\"wp-block-themeisle-blocks-advanced-column\">\n<h3 id=\"poesie\" class=\"wp-block-themeisle-blocks-advanced-heading poesie\">Formatrice<\/h3>\n<\/div>\n<\/div><\/div>\n\n\n\n<div id=\"wp-block-themeisle-blocks-advanced-columns-82b2b144\" class=\"wp-block-themeisle-blocks-advanced-columns has-1-columns has-desktop-equal-layout has-tablet-equal-layout has-mobile-equal-layout has-vertical-center\"><div class=\"wp-block-themeisle-blocks-advanced-columns-overlay\"><\/div><div class=\"innerblocks-wrap\">\n<div id=\"wp-block-themeisle-blocks-advanced-column-366a97a3\" class=\"wp-block-themeisle-blocks-advanced-column\">\n<p><strong>Professeure d&#8217;arts appliqu\u00e9s <\/strong><br>Depuis 2016 j&#8217;enseigne \u00e0 L&#8217;URMA du Tarn pour les niveaux CAP, BP, Mention compl\u00e9mentaire et Bac Pro<\/p>\n\n\n\n<p>J&#8217;enseigne l&#8217;art appliqu\u00e9s pour divers secteurs, tels que le services \u00e0 la personne (Esth\u00e9tique), les m\u00e9tiers de bouche (Cuisine, service, charcutier traiteur, p\u00e2tissier, chocolatier), le b\u00e2timent (Peintre en b\u00e2timent, Am\u00e9nagement et finition des b\u00e2timent), l&#8217;artisanat (Menuisier).<\/p>\n\n\n\n<p><strong>Formatrice PAO<\/strong><br>Je propose \u00e9galement des cours de PAO pour des entreprises ou des individuels. J&#8217;adapte mes formations en fonction des besoins et des sp\u00e9cificit\u00e9s de chacuns.<\/p>\n\n\n\n<p><strong>Accompagnante en dessin<\/strong><br>Mes cours de dessin d&#8217;observation sont bas\u00e9s sur une m\u00e9thode qui s&#8217;appuie sur les plus belles facult\u00e9s de notre cerveau droit.<\/p>\n<\/div>\n<\/div><\/div>\n\n\n\n<hr class=\"wp-block-separator has-text-color has-nv-text-dark-bg-color has-alpha-channel-opacity has-nv-text-dark-bg-background-color has-background\"\/>\n\n\n\n<p class=\"has-text-align-center has-neve-link-hover-color-color has-text-color\"><strong>Pour plus d&#8217;informations :<\/strong><\/p>\n\n\n\n<div class=\"wp-block-buttons is-content-justification-center is-layout-flex wp-container-core-buttons-is-layout-16018d1d wp-block-buttons-is-layout-flex\">\n<div class=\"wp-block-button is-style-primary\"><a class=\"wp-block-button__link wp-element-button\" href=\"http:\/\/charlottelambert.net\/index.php\/98ee9-contact\/\">Contactez moi !<\/a><\/div>\n<\/div>\n\n\n\n<hr class=\"wp-block-separator has-text-color has-nv-text-dark-bg-color has-alpha-channel-opacity has-nv-text-dark-bg-background-color has-background\" id=\"wp-block-themeisle-blocks-button-ac3b0d38\"\/>\n\n\n\n<p class=\"has-nv-site-bg-color has-nv-site-bg-background-color has-text-color has-background\">&#8230;<\/p>\n\n\n\n<div id=\"wp-block-themeisle-blocks-advanced-columns-a4e24bde\" class=\"wp-block-themeisle-blocks-advanced-columns alignfull has-1-columns has-desktop-equal-layout has-tablet-equal-layout has-mobile-equal-layout has-vertical-unset has-dark-bg\"><div class=\"wp-block-themeisle-blocks-advanced-columns-overlay\"><\/div><div class=\"innerblocks-wrap\">\n<div id=\"wp-block-themeisle-blocks-advanced-column-361e8ee9\" class=\"wp-block-themeisle-blocks-advanced-column has-dark-bg\">\n<p><small>\u00a9 2022<\/small> &#8211; Charlotte Lambert  &#8211; Graphisme et illustration  <\/p>\n<\/div>\n<\/div><\/div>\n","protected":false},"excerpt":{"rendered":"<p>Graphiste Illustratrice \/\/ Formatrice Graphiste et illustratrice freelance, j&#8217;ai travaill\u00e9 pour des institutions, des associations et des entreprises telles que : \u00c9ditionLux \u00e9diteur &#8211; CRDP Toulouse &#8211; \u00c9ditions Vuibert Magazines et journauxJournal mensuel Le couac &#8211; Journal mensuel \u00c0 Babord ! &#8211; Magazine Semestriel Maisons d\u2019Aujourd\u2019hui et Condos et Lofts d\u2019Aujourd\u2019hui &#8211; Magazines Gratuit Maison&hellip;&nbsp;<a href=\"https:\/\/charlottelambert.net\/index.php\/98ee9-about\/\" class=\"\" rel=\"bookmark\">Read More &raquo;<span class=\"screen-reader-text\">A propos<\/span><\/a><\/p>\n","protected":false},"author":1,"featured_media":0,"parent":0,"menu_order":0,"comment_status":"closed","ping_status":"closed","template":"","meta":{"neve_meta_sidebar":"full-width","neve_meta_container":"contained","neve_meta_enable_content_width":"on","neve_meta_content_width":100,"neve_meta_title_alignment":"","neve_meta_author_avatar":"","neve_post_elements_order":"","neve_meta_disable_header":"","neve_meta_disable_footer":"","neve_meta_disable_title":"","_themeisle_gutenberg_block_has_review":false,"footnotes":""},"class_list":["post-139","page","type-page","status-publish","hentry"],"_links":{"self":[{"href":"https:\/\/charlottelambert.net\/index.php\/wp-json\/wp\/v2\/pages\/139","targetHints":{"allow":["GET"]}}],"collection":[{"href":"https:\/\/charlottelambert.net\/index.php\/wp-json\/wp\/v2\/pages"}],"about":[{"href":"https:\/\/charlottelambert.net\/index.php\/wp-json\/wp\/v2\/types\/page"}],"author":[{"embeddable":true,"href":"https:\/\/charlottelambert.net\/index.php\/wp-json\/wp\/v2\/users\/1"}],"replies":[{"embeddable":true,"href":"https:\/\/charlottelambert.net\/index.php\/wp-json\/wp\/v2\/comments?post=139"}],"version-history":[{"count":10,"href":"https:\/\/charlottelambert.net\/index.php\/wp-json\/wp\/v2\/pages\/139\/revisions"}],"predecessor-version":[{"id":1140,"href":"https:\/\/charlottelambert.net\/index.php\/wp-json\/wp\/v2\/pages\/139\/revisions\/1140"}],"wp:attachment":[{"href":"https:\/\/charlottelambert.net\/index.php\/wp-json\/wp\/v2\/media?parent=139"}],"curies":[{"name":"wp","href":"https:\/\/api.w.org\/{rel}","templated":true}]}}